{"id":15,"date":"2025-07-14T18:41:44","date_gmt":"2025-07-14T16:41:44","guid":{"rendered":"http:\/\/localhost:8081\/?page_id=15"},"modified":"2026-02-08T21:16:41","modified_gmt":"2026-02-08T20:16:41","slug":"sobre-innotiva","status":"publish","type":"page","link":"https:\/\/innotiva.es\/?page_id=15","title":{"rendered":"Sobre Innotiva"},"content":{"rendered":"\n<div class=\"wp-block-cover alignfull wp-duotone-000000-77a2ffb0-1\" style=\"padding-top:2%;min-height:30rem;aspect-ratio:unset;\"><img loading=\"lazy\" decoding=\"async\" width=\"1024\" height=\"681\" class=\"wp-block-cover__image-background wp-image-125 size-large\" alt=\"\" src=\"https:\/\/innotiva.es\/wp-content\/uploads\/2026\/02\/pexels-brett-sayles-2881229-1024x681.jpg\" data-object-fit=\"cover\" srcset=\"https:\/\/innotiva.es\/wp-content\/uploads\/2026\/02\/pexels-brett-sayles-2881229-1024x681.jpg 1024w, https:\/\/innotiva.es\/wp-content\/uploads\/2026\/02\/pexels-brett-sayles-2881229-300x200.jpg 300w, https:\/\/innotiva.es\/wp-content\/uploads\/2026\/02\/pexels-brett-sayles-2881229-768x511.jpg 768w, https:\/\/innotiva.es\/wp-content\/uploads\/2026\/02\/pexels-brett-sayles-2881229-1536x1022.jpg 1536w, https:\/\/innotiva.es\/wp-content\/uploads\/2026\/02\/pexels-brett-sayles-2881229-2048x1363.jpg 2048w\" sizes=\"auto, (max-width: 1024px) 100vw, 1024px\" \/><span aria-hidden=\"true\" class=\"wp-block-cover__background has-black-background-color has-background-dim-0 has-background-dim\"><\/span><div class=\"wp-block-cover__inner-container has-global-padding is-layout-constrained wp-container-core-cover-is-layout-ee51f2d2 wp-block-cover-is-layout-constrained\">\n<div class=\"wp-block-group alignwide is-vertical is-content-justification-center is-layout-flex wp-container-core-group-is-layout-5e763914 wp-block-group-is-layout-flex\" style=\"min-height:8rem\">\n<div class=\"wp-block-group has-global-padding is-layout-constrained wp-container-core-group-is-layout-bea02a06 wp-block-group-is-layout-constrained\">\n<h2 class=\"wp-block-heading has-text-align-center has-text-color\" style=\"color:#ffffff;margin-top:0rem;margin-bottom:1.01rem;font-size:clamp(2.071rem, 2.071rem + ((1vw - 0.2rem) * 2.98), 3.71rem);font-style:normal;font-weight:400;line-height:1;text-transform:capitalize\">Impulsamos Su transformaci\u00f3n digital<\/h2>\n<\/div>\n<\/div>\n<\/div><\/div>\n\n\n\n<section class=\"wp-block-group alignfull has-text-color has-global-padding is-layout-constrained wp-container-core-group-is-layout-4252d6ba wp-block-group-is-layout-constrained\" style=\"color:#03081e;margin-top:0px;padding-top:6.51rem;padding-right:1rem;padding-bottom:5.5rem;padding-left:1rem;font-size:clamp(0.875rem, 0.875rem + ((1vw - 0.2rem) * 0.464), 1.13rem);font-style:normal;font-weight:400;line-height:1.4\">\n<div class=\"wp-block-columns is-layout-flex wp-container-core-columns-is-layout-db2df21c wp-block-columns-is-layout-flex\" style=\"margin-bottom:0px\">\n<div class=\"wp-block-column has-global-padding is-content-justification-left is-layout-constrained wp-container-core-column-is-layout-12dd3699 wp-block-column-is-layout-constrained\" style=\"flex-basis:45%\">\n<figure class=\"wp-block-image aligncenter size-full is-resized has-custom-border wp-duotone-000000-77a2ffb0-2\"><img loading=\"lazy\" decoding=\"async\" width=\"1921\" height=\"2560\" src=\"https:\/\/innotiva.es\/wp-content\/uploads\/2026\/02\/pexels-amar-32437447-edited-scaled.jpg\" alt=\"\" class=\"wp-image-194\" style=\"border-top-left-radius:21px;border-top-right-radius:21px;border-bottom-left-radius:21px;border-bottom-right-radius:21px;width:446px\" srcset=\"https:\/\/innotiva.es\/wp-content\/uploads\/2026\/02\/pexels-amar-32437447-edited-scaled.jpg 1921w, https:\/\/innotiva.es\/wp-content\/uploads\/2026\/02\/pexels-amar-32437447-edited-225x300.jpg 225w, https:\/\/innotiva.es\/wp-content\/uploads\/2026\/02\/pexels-amar-32437447-edited-768x1024.jpg 768w, https:\/\/innotiva.es\/wp-content\/uploads\/2026\/02\/pexels-amar-32437447-edited-1152x1536.jpg 1152w, https:\/\/innotiva.es\/wp-content\/uploads\/2026\/02\/pexels-amar-32437447-edited-1536x2048.jpg 1536w\" sizes=\"auto, (max-width: 1921px) 100vw, 1921px\" \/><\/figure>\n<\/div>\n\n\n\n<div class=\"wp-block-column is-layout-flow wp-block-column-is-layout-flow\">\n<div class=\"wp-block-group is-vertical is-content-justification-left is-layout-flex wp-container-core-group-is-layout-c5d44cae wp-block-group-is-layout-flex\" style=\"min-height:100%\">\n<div class=\"wp-block-group has-global-padding is-content-justification-center is-layout-constrained wp-container-core-group-is-layout-b15c80d6 wp-block-group-is-layout-constrained\">\n<h3 class=\"wp-block-heading has-text-align-left has-text-color\" style=\"color:#07277c;margin-top:0.5rem;margin-bottom:1.01rem;font-size:clamp(1.556rem, 1.556rem + ((1vw - 0.2rem) * 1.916), 2.61rem);font-style:normal;font-weight:500;letter-spacing:0px;line-height:1.3;text-transform:capitalize\">Qui\u00e9nes somos<\/h3>\n\n\n\n<p class=\"has-text-align-left has-text-color\" style=\"color:#03081e;margin-top:0rem;font-size:clamp(0.875rem, 0.875rem + ((1vw - 0.2rem) * 0.609), 1.21rem);font-style:normal;font-weight:400;line-height:1.6\">En <strong>Innotiva<\/strong>, creemos que el valor real reside en los detalles y en la conexi\u00f3n humana. Lo que comenz\u00f3 como una peque\u00f1a chispa de pasi\u00f3n por<strong> <\/strong>la tecnolog\u00eda, se ha transformado en un proyecto s\u00f3lido dedicado a ofrecer soluciones aut\u00e9nticas y de calidad. No solo nos importa qu\u00e9 hacemos, sino el porqu\u00e9: nuestra misi\u00f3n es acompa\u00f1arte en cada paso, aportando nuestra experiencia para que alcances tus metas con la confianza de tener a un aliado real a tu lado.<\/p>\n\n\n\n<p class=\"has-text-align-left has-text-color\" style=\"color:#03081e;margin-top:2rem;font-size:clamp(0.875rem, 0.875rem + ((1vw - 0.2rem) * 0.609), 1.21rem);font-style:normal;font-weight:400;line-height:1.6\">Nos define la curiosidad constante y el compromiso con la excelencia. Somos un equipo que no se conforma con lo convencional; nos gusta escuchar, entender tus necesidades y adaptarnos a un mundo en constante cambio. Para nosotros, cada cliente es una historia nueva, y nos encantar\u00eda que la pr\u00f3xima que ayudemos a escribir sea la tuya.<\/p>\n<\/div>\n<\/div>\n<\/div>\n<\/div>\n<\/section>\n\n\n\n<section class=\"wp-block-cover alignfull wp-duotone-000000-77a2ffb0-3\" style=\"margin-top:0px;padding-bottom:13.51rem;min-height:620px;aspect-ratio:unset;\"><img loading=\"lazy\" decoding=\"async\" width=\"1024\" height=\"680\" class=\"wp-block-cover__image-background wp-image-129 size-large\" alt=\"\" src=\"https:\/\/innotiva.es\/wp-content\/uploads\/2026\/02\/pexels-luis-gomes-166706-546819-1024x680.jpg\" style=\"object-position:50% 50%\" data-object-fit=\"cover\" data-object-position=\"50% 50%\" srcset=\"https:\/\/innotiva.es\/wp-content\/uploads\/2026\/02\/pexels-luis-gomes-166706-546819-1024x680.jpg 1024w, https:\/\/innotiva.es\/wp-content\/uploads\/2026\/02\/pexels-luis-gomes-166706-546819-300x199.jpg 300w, https:\/\/innotiva.es\/wp-content\/uploads\/2026\/02\/pexels-luis-gomes-166706-546819-768x510.jpg 768w, https:\/\/innotiva.es\/wp-content\/uploads\/2026\/02\/pexels-luis-gomes-166706-546819-1536x1020.jpg 1536w, https:\/\/innotiva.es\/wp-content\/uploads\/2026\/02\/pexels-luis-gomes-166706-546819-2048x1360.jpg 2048w\" sizes=\"auto, (max-width: 1024px) 100vw, 1024px\" \/><span aria-hidden=\"true\" class=\"wp-block-cover__background has-black-background-color has-background-dim-30 has-background-dim\"><\/span><div class=\"wp-block-cover__inner-container has-global-padding is-layout-constrained wp-container-core-cover-is-layout-14880c13 wp-block-cover-is-layout-constrained\">\n<div class=\"wp-block-group alignfull has-text-color has-global-padding is-layout-constrained wp-container-core-group-is-layout-6f61d7e7 wp-block-group-is-layout-constrained\" style=\"color:#252525;margin-top:0px;padding-top:0rem;padding-right:1rem;padding-bottom:0rem;padding-left:1rem;font-size:clamp(0.875rem, 0.875rem + ((1vw - 0.2rem) * 0.464), 1.13rem);font-style:normal;font-weight:400;line-height:1.4\">\n<div class=\"wp-block-group is-vertical is-content-justification-center is-layout-flex wp-container-core-group-is-layout-b6c1f246 wp-block-group-is-layout-flex\">\n<div class=\"wp-block-group has-global-padding is-layout-constrained wp-container-core-group-is-layout-a099c240 wp-block-group-is-layout-constrained\">\n<h2 class=\"wp-block-heading has-text-align-center has-text-color\" style=\"color:#ffffff;margin-bottom:1.11rem;font-size:clamp(1.556rem, 1.556rem + ((1vw - 0.2rem) * 1.916), 2.61rem);font-style:normal;font-weight:500;line-height:1.2;text-transform:capitalize\">Cont\u00e1ctanos<\/h2>\n\n\n\n<p class=\"has-text-align-center has-text-color\" style=\"color:#ffffff;margin-top:0rem;font-size:clamp(0.875rem, 0.875rem + ((1vw - 0.2rem) * 0.427), 1.11rem);font-style:normal;font-weight:400;line-height:1.6\">\u00bfTienes preguntas? \u00a1Estamos aqu\u00ed para ayudarte! \u00a1Cont\u00e1ctanos hoy y comencemos tu proyecto juntos!<\/p>\n\n\n\n<div class=\"wp-block-group is-vertical is-content-justification-stretch is-layout-flex wp-container-core-group-is-layout-be82aac6 wp-block-group-is-layout-flex\" style=\"margin-top:0rem;padding-right:0px;padding-left:0px\">\n<div class=\"wp-block-group has-global-padding is-content-justification-center is-layout-constrained wp-container-core-group-is-layout-0638dde4 wp-block-group-is-layout-constrained\" style=\"margin-top:0px\">\n<div class=\"wp-block-buttons is-horizontal is-content-justification-right is-layout-flex wp-container-core-buttons-is-layout-1b0e492f wp-block-buttons-is-layout-flex\" style=\"margin-top:2.21rem\">\n<div class=\"wp-block-button has-custom-width wp-block-button__width-100 is-style-fill\"><a class=\"wp-block-button__link has-text-color has-background has-custom-font-size wp-element-button\" href=\"https:\/\/innotiva.es\/?page_id=19\" style=\"border-style:none;border-width:0px;border-radius:2.5rem;color:#ffffff;background-color:#000540;padding-top:1.1rem;padding-right:0.81rem;padding-bottom:1.1rem;padding-left:0.81rem;font-size:clamp(0.875rem, 0.875rem + ((1vw - 0.2rem) * 0.609), 1.21rem);font-style:normal;font-weight:400;line-height:1;text-transform:capitalize\">Contacto<\/a><\/div>\n<\/div>\n<\/div>\n<\/div>\n<\/div>\n<\/div>\n<\/div>\n<\/div><\/section>\n","protected":false},"excerpt":{"rendered":"<p>Qui\u00e9nes somos En Innotiva, creemos que el valor real reside en los detalles y en la conexi\u00f3n humana. Lo que comenz\u00f3 como una peque\u00f1a chispa de pasi\u00f3n por la tecnolog\u00eda, se ha transformado en un proyecto s\u00f3lido dedicado a ofrecer soluciones aut\u00e9nticas y de calidad. No solo nos importa qu\u00e9 hacemos, sino el porqu\u00e9: nuestra [&hellip;]<\/p>\n","protected":false},"author":1,"featured_media":0,"parent":0,"menu_order":0,"comment_status":"closed","ping_status":"closed","template":"","meta":{"footnotes":""},"class_list":["post-15","page","type-page","status-publish","hentry"],"_links":{"self":[{"href":"https:\/\/innotiva.es\/index.php?rest_route=\/wp\/v2\/pages\/15","targetHints":{"allow":["GET"]}}],"collection":[{"href":"https:\/\/innotiva.es\/index.php?rest_route=\/wp\/v2\/pages"}],"about":[{"href":"https:\/\/innotiva.es\/index.php?rest_route=\/wp\/v2\/types\/page"}],"author":[{"embeddable":true,"href":"https:\/\/innotiva.es\/index.php?rest_route=\/wp\/v2\/users\/1"}],"replies":[{"embeddable":true,"href":"https:\/\/innotiva.es\/index.php?rest_route=%2Fwp%2Fv2%2Fcomments&post=15"}],"version-history":[{"count":9,"href":"https:\/\/innotiva.es\/index.php?rest_route=\/wp\/v2\/pages\/15\/revisions"}],"predecessor-version":[{"id":246,"href":"https:\/\/innotiva.es\/index.php?rest_route=\/wp\/v2\/pages\/15\/revisions\/246"}],"wp:attachment":[{"href":"https:\/\/innotiva.es\/index.php?rest_route=%2Fwp%2Fv2%2Fmedia&parent=15"}],"curies":[{"name":"wp","href":"https:\/\/api.w.org\/{rel}","templated":true}]}}