{"id":17,"date":"2025-07-14T18:41:57","date_gmt":"2025-07-14T16:41:57","guid":{"rendered":"http:\/\/localhost:8081\/?page_id=17"},"modified":"2026-02-08T20:34:43","modified_gmt":"2026-02-08T19:34:43","slug":"servicios","status":"publish","type":"page","link":"https:\/\/innotiva.es\/?page_id=17","title":{"rendered":"Servicios"},"content":{"rendered":"\n<div class=\"wp-block-cover alignfull is-light wp-duotone-000000-47629cb0-1\" style=\"padding-top:2%;min-height:30rem;aspect-ratio:unset;\"><video class=\"wp-block-cover__video-background intrinsic-ignore\" autoplay muted loop playsinline src=\"https:\/\/innotiva.es\/wp-content\/uploads\/2026\/02\/service_vid_compress.mp4\" style=\"object-position:50% 26%\" data-object-fit=\"cover\" data-object-position=\"50% 26%\"><\/video><span aria-hidden=\"true\" class=\"wp-block-cover__background has-background-dim-0 has-background-dim\" style=\"background-color:#FFF\"><\/span><div class=\"wp-block-cover__inner-container has-global-padding is-layout-constrained wp-container-core-cover-is-layout-ee51f2d2 wp-block-cover-is-layout-constrained\">\n<div class=\"wp-block-group alignwide is-vertical is-content-justification-center is-layout-flex wp-container-core-group-is-layout-5e763914 wp-block-group-is-layout-flex\" style=\"min-height:8rem\">\n<div class=\"wp-block-group has-global-padding is-layout-constrained wp-container-core-group-is-layout-bea02a06 wp-block-group-is-layout-constrained\">\n<h2 class=\"wp-block-heading has-text-align-center has-text-color\" style=\"color:#ffffff;margin-top:0rem;margin-bottom:1.01rem;font-size:clamp(2.071rem, 2.071rem + ((1vw - 0.2rem) * 2.98), 3.71rem);font-style:normal;font-weight:400;line-height:1;text-transform:capitalize\">Soluciones personalizadas<\/h2>\n<\/div>\n<\/div>\n<\/div><\/div>\n\n\n\n<section class=\"wp-block-group alignfull has-text-color has-global-padding is-layout-constrained wp-container-core-group-is-layout-4252d6ba wp-block-group-is-layout-constrained\" style=\"color:#03081e;margin-top:0px;padding-top:6.51rem;padding-right:1rem;padding-bottom:5.5rem;padding-left:1rem;font-size:clamp(0.875rem, 0.875rem + ((1vw - 0.2rem) * 0.464), 1.13rem);font-style:normal;font-weight:400;line-height:1.4\">\n<div class=\"wp-block-columns alignwide is-layout-flex wp-container-core-columns-is-layout-db2df21c wp-block-columns-is-layout-flex\" style=\"margin-bottom:0px\">\n<div class=\"wp-block-column has-global-padding is-content-justification-left is-layout-constrained wp-container-core-column-is-layout-12dd3699 wp-block-column-is-layout-constrained\" style=\"flex-basis:50%\">\n<figure class=\"wp-block-image aligncenter size-full is-resized has-custom-border wp-duotone-000000-77a2ffb0-2\"><img loading=\"lazy\" decoding=\"async\" width=\"1499\" height=\"997\" src=\"https:\/\/innotiva.es\/wp-content\/uploads\/2026\/02\/Captura-de-pantalla-2026-02-07-154534.png\" alt=\"\" class=\"wp-image-232\" style=\"border-top-left-radius:21px;border-top-right-radius:21px;border-bottom-left-radius:21px;border-bottom-right-radius:21px;width:520px\" srcset=\"https:\/\/innotiva.es\/wp-content\/uploads\/2026\/02\/Captura-de-pantalla-2026-02-07-154534.png 1499w, https:\/\/innotiva.es\/wp-content\/uploads\/2026\/02\/Captura-de-pantalla-2026-02-07-154534-300x200.png 300w, https:\/\/innotiva.es\/wp-content\/uploads\/2026\/02\/Captura-de-pantalla-2026-02-07-154534-1024x681.png 1024w, https:\/\/innotiva.es\/wp-content\/uploads\/2026\/02\/Captura-de-pantalla-2026-02-07-154534-768x511.png 768w\" sizes=\"auto, (max-width: 1499px) 100vw, 1499px\" \/><\/figure>\n<\/div>\n\n\n\n<div class=\"wp-block-column is-layout-flow wp-block-column-is-layout-flow\">\n<div class=\"wp-block-group is-horizontal is-content-justification-center is-layout-flex wp-container-core-group-is-layout-58309c2c wp-block-group-is-layout-flex\" style=\"min-height:100%\">\n<div class=\"wp-block-group has-global-padding is-content-justification-left is-layout-constrained wp-container-core-group-is-layout-21bdf163 wp-block-group-is-layout-constrained\">\n<h3 class=\"wp-block-heading alignfull has-text-align-left has-text-color\" style=\"color:#07277c;margin-top:0.5rem;margin-bottom:1.01rem;margin-left:0;font-size:clamp(1.044rem, 1.044rem + ((1vw - 0.2rem) * 1.029), 1.61rem);font-style:normal;font-weight:500;letter-spacing:0px;line-height:1.3;text-transform:capitalize\">Consultor\u00eda IT y arquitectura de sistemas<\/h3>\n\n\n\n<p class=\"has-text-align-left has-text-color\" style=\"color:#03081e;margin-top:0rem;margin-left:0;font-size:clamp(0.875rem, 0.875rem + ((1vw - 0.2rem) * 0.245), 1.01rem);font-style:normal;font-weight:400;line-height:1.6\">Dise\u00f1amos soluciones tecnol\u00f3gicas alineadas con los objetivos reales de tu negocio. Analizamos tus necesidades, evaluamos la infraestructura existente y definimos arquitecturas IT robustas, escalables y seguras. Nuestro enfoque combina visi\u00f3n estrat\u00e9gica y profundidad t\u00e9cnica, acompa\u00f1\u00e1ndote desde la fase de an\u00e1lisis hasta la implementaci\u00f3n y optimizaci\u00f3n final. No vendemos productos cerrados: dise\u00f1amos la soluci\u00f3n que mejor encaja contigo.<\/p>\n<\/div>\n<\/div>\n<\/div>\n<\/div>\n<\/section>\n\n\n\n<section class=\"wp-block-group alignfull has-text-color has-global-padding is-layout-constrained wp-container-core-group-is-layout-b691706e wp-block-group-is-layout-constrained\" style=\"color:#03081e;margin-top:0px;padding-top:4.01rem;padding-right:1rem;padding-bottom:5.5rem;padding-left:1rem;font-size:clamp(0.875rem, 0.875rem + ((1vw - 0.2rem) * 0.464), 1.13rem);font-style:normal;font-weight:400;line-height:1.4\">\n<div class=\"wp-block-columns is-layout-flex wp-container-core-columns-is-layout-db2df21c wp-block-columns-is-layout-flex\" style=\"margin-bottom:0px\">\n<div class=\"wp-block-column is-layout-flow wp-block-column-is-layout-flow\">\n<div class=\"wp-block-group is-vertical is-content-justification-center is-layout-flex wp-container-core-group-is-layout-2c7a849c wp-block-group-is-layout-flex\" style=\"min-height:100%\">\n<div class=\"wp-block-group has-global-padding is-content-justification-right is-layout-constrained wp-container-core-group-is-layout-f53fbd0f wp-block-group-is-layout-constrained\">\n<h3 class=\"wp-block-heading alignfull has-text-align-right has-text-color\" style=\"color:#07277c;margin-top:0.5rem;margin-bottom:1.01rem;font-size:clamp(1.044rem, 1.044rem + ((1vw - 0.2rem) * 1.029), 1.61rem);font-style:normal;font-weight:500;letter-spacing:0px;line-height:1.3;text-transform:capitalize\">Proyectos Tecnol\u00f3gicos a Medida<\/h3>\n\n\n\n<p class=\"has-text-align-right has-text-color\" style=\"color:#03081e;margin-top:0rem;font-size:clamp(0.875rem, 0.875rem + ((1vw - 0.2rem) * 0.245), 1.01rem);font-style:normal;font-weight:400;line-height:1.6\">Cada proyecto es \u00fanico, y as\u00ed lo tratamos. Desarrollamos soluciones personalizadas que integran software, sistemas de comunicaci\u00f3n y plataformas IT adaptadas a entornos espec\u00edficos. Trabajamos de forma cercana, entendiendo el problema desde la ra\u00edz y construyendo sistemas eficientes, mantenibles y preparados para crecer. Nos involucramos de principio a fin, aportando criterio t\u00e9cnico y capacidad de ejecuci\u00f3n.<\/p>\n<\/div>\n<\/div>\n<\/div>\n\n\n\n<div class=\"wp-block-column has-global-padding is-content-justification-left is-layout-constrained wp-container-core-column-is-layout-12dd3699 wp-block-column-is-layout-constrained\" style=\"flex-basis:50%\">\n<figure class=\"wp-block-image aligncenter size-full is-resized has-custom-border wp-duotone-000000-77a2ffb0-3\"><img loading=\"lazy\" decoding=\"async\" width=\"1332\" height=\"995\" src=\"https:\/\/innotiva.es\/wp-content\/uploads\/2026\/02\/Captura-de-pantalla-2026-02-07-154727.png\" alt=\"\" class=\"wp-image-233\" style=\"border-top-left-radius:21px;border-top-right-radius:21px;border-bottom-left-radius:21px;border-bottom-right-radius:21px;width:520px\" srcset=\"https:\/\/innotiva.es\/wp-content\/uploads\/2026\/02\/Captura-de-pantalla-2026-02-07-154727.png 1332w, https:\/\/innotiva.es\/wp-content\/uploads\/2026\/02\/Captura-de-pantalla-2026-02-07-154727-300x224.png 300w, https:\/\/innotiva.es\/wp-content\/uploads\/2026\/02\/Captura-de-pantalla-2026-02-07-154727-1024x765.png 1024w, https:\/\/innotiva.es\/wp-content\/uploads\/2026\/02\/Captura-de-pantalla-2026-02-07-154727-768x574.png 768w\" sizes=\"auto, (max-width: 1332px) 100vw, 1332px\" \/><\/figure>\n<\/div>\n<\/div>\n<\/section>\n\n\n\n<section class=\"wp-block-group alignfull has-text-color has-global-padding is-layout-constrained wp-container-core-group-is-layout-b691706e wp-block-group-is-layout-constrained\" style=\"color:#03081e;margin-top:0px;padding-top:4.01rem;padding-right:1rem;padding-bottom:5.5rem;padding-left:1rem;font-size:clamp(0.875rem, 0.875rem + ((1vw - 0.2rem) * 0.464), 1.13rem);font-style:normal;font-weight:400;line-height:1.4\">\n<div class=\"wp-block-columns is-layout-flex wp-container-core-columns-is-layout-db2df21c wp-block-columns-is-layout-flex\" style=\"margin-bottom:0px\">\n<div class=\"wp-block-column has-global-padding is-content-justification-left is-layout-constrained wp-container-core-column-is-layout-12dd3699 wp-block-column-is-layout-constrained\" style=\"flex-basis:50%\">\n<figure class=\"wp-block-image aligncenter size-full is-resized has-custom-border wp-duotone-000000-77a2ffb0-4\"><img loading=\"lazy\" decoding=\"async\" width=\"1500\" height=\"996\" src=\"https:\/\/innotiva.es\/wp-content\/uploads\/2026\/02\/Captura-de-pantalla-2026-02-07-154845.png\" alt=\"\" class=\"wp-image-234\" style=\"border-top-left-radius:21px;border-top-right-radius:21px;border-bottom-left-radius:21px;border-bottom-right-radius:21px;width:520px\" srcset=\"https:\/\/innotiva.es\/wp-content\/uploads\/2026\/02\/Captura-de-pantalla-2026-02-07-154845.png 1500w, https:\/\/innotiva.es\/wp-content\/uploads\/2026\/02\/Captura-de-pantalla-2026-02-07-154845-300x199.png 300w, https:\/\/innotiva.es\/wp-content\/uploads\/2026\/02\/Captura-de-pantalla-2026-02-07-154845-1024x680.png 1024w, https:\/\/innotiva.es\/wp-content\/uploads\/2026\/02\/Captura-de-pantalla-2026-02-07-154845-768x510.png 768w\" sizes=\"auto, (max-width: 1500px) 100vw, 1500px\" \/><\/figure>\n<\/div>\n\n\n\n<div class=\"wp-block-column is-layout-flow wp-block-column-is-layout-flow\">\n<div class=\"wp-block-group is-vertical is-content-justification-left is-layout-flex wp-container-core-group-is-layout-c5d44cae wp-block-group-is-layout-flex\" style=\"min-height:100%\">\n<div class=\"wp-block-group has-global-padding is-content-justification-left is-layout-constrained wp-container-core-group-is-layout-21bdf163 wp-block-group-is-layout-constrained\">\n<h3 class=\"wp-block-heading alignfull has-text-align-left has-text-color\" style=\"color:#07277c;margin-top:0.5rem;margin-bottom:1.01rem;font-size:clamp(1.044rem, 1.044rem + ((1vw - 0.2rem) * 1.029), 1.61rem);font-style:normal;font-weight:500;letter-spacing:0px;line-height:1.3;text-transform:capitalize\">Ingenier\u00eda, Electr\u00f3nica y Sistemas Especiales<\/h3>\n\n\n\n<p class=\"has-text-align-left has-text-color\" style=\"color:#03081e;margin-top:0rem;font-size:clamp(0.875rem, 0.875rem + ((1vw - 0.2rem) * 0.245), 1.01rem);font-style:normal;font-weight:400;line-height:1.6\">Cuando el proyecto requiere ir un paso m\u00e1s all\u00e1, entramos en terreno de ingenier\u00eda. Dise\u00f1amos e integramos soluciones que combinan sistemas IT, electr\u00f3nica, comunicaciones y software, ya sea para prototipos, sistemas embebidos o entornos industriales y corporativos. Nuestra experiencia nos permite abordar retos complejos con una visi\u00f3n global del sistema, cuidando tanto el hardware como la integraci\u00f3n y la fiabilidad operativa.<\/p>\n<\/div>\n<\/div>\n<\/div>\n<\/div>\n<\/section>\n\n\n\n<section class=\"wp-block-cover alignfull wp-duotone-000000-77a2ffb0-5\" style=\"margin-top:0px;padding-bottom:13.51rem;min-height:620px;aspect-ratio:unset;\"><img loading=\"lazy\" decoding=\"async\" width=\"1024\" height=\"680\" class=\"wp-block-cover__image-background wp-image-129 size-large\" alt=\"\" src=\"https:\/\/innotiva.es\/wp-content\/uploads\/2026\/02\/pexels-luis-gomes-166706-546819-1024x680.jpg\" data-object-fit=\"cover\" srcset=\"https:\/\/innotiva.es\/wp-content\/uploads\/2026\/02\/pexels-luis-gomes-166706-546819-1024x680.jpg 1024w, https:\/\/innotiva.es\/wp-content\/uploads\/2026\/02\/pexels-luis-gomes-166706-546819-300x199.jpg 300w, https:\/\/innotiva.es\/wp-content\/uploads\/2026\/02\/pexels-luis-gomes-166706-546819-768x510.jpg 768w, https:\/\/innotiva.es\/wp-content\/uploads\/2026\/02\/pexels-luis-gomes-166706-546819-1536x1020.jpg 1536w, https:\/\/innotiva.es\/wp-content\/uploads\/2026\/02\/pexels-luis-gomes-166706-546819-2048x1360.jpg 2048w\" sizes=\"auto, (max-width: 1024px) 100vw, 1024px\" \/><span aria-hidden=\"true\" class=\"wp-block-cover__background has-background-dim-0 has-background-dim\" style=\"background-color:#2d344f\"><\/span><div class=\"wp-block-cover__inner-container has-global-padding is-layout-constrained wp-container-core-cover-is-layout-14880c13 wp-block-cover-is-layout-constrained\">\n<div class=\"wp-block-group alignfull has-text-color has-global-padding is-layout-constrained wp-container-core-group-is-layout-6f61d7e7 wp-block-group-is-layout-constrained\" style=\"color:#252525;margin-top:0px;padding-top:0rem;padding-right:1rem;padding-bottom:0rem;padding-left:1rem;font-size:clamp(0.875rem, 0.875rem + ((1vw - 0.2rem) * 0.464), 1.13rem);font-style:normal;font-weight:400;line-height:1.4\">\n<div class=\"wp-block-group is-vertical is-content-justification-center is-layout-flex wp-container-core-group-is-layout-b6c1f246 wp-block-group-is-layout-flex\">\n<div class=\"wp-block-group has-global-padding is-layout-constrained wp-container-core-group-is-layout-a099c240 wp-block-group-is-layout-constrained\">\n<h2 class=\"wp-block-heading has-text-align-center has-text-color\" style=\"color:#ffffff;margin-bottom:1.11rem;font-size:clamp(1.556rem, 1.556rem + ((1vw - 0.2rem) * 1.916), 2.61rem);font-style:normal;font-weight:500;line-height:1.2;text-transform:capitalize\">Cont\u00e1ctanos<\/h2>\n\n\n\n<p class=\"has-text-align-center has-text-color\" style=\"color:#ffffff;margin-top:0rem;font-size:clamp(0.875rem, 0.875rem + ((1vw - 0.2rem) * 0.427), 1.11rem);font-style:normal;font-weight:400;line-height:1.6\">\u00bfListo para llevar tu tecnolog\u00eda al siguiente nivel?<\/p>\n\n\n\n<p class=\"has-text-align-center has-text-color has-link-color wp-elements-7853ff1e6f15ef0198c7942b233729c8\" style=\"color:#ffffff\">Comencemos hoy<\/p>\n\n\n\n<div class=\"wp-block-group is-vertical is-content-justification-stretch is-layout-flex wp-container-core-group-is-layout-be82aac6 wp-block-group-is-layout-flex\" style=\"margin-top:0rem;padding-right:0px;padding-left:0px\">\n<div class=\"wp-block-group has-global-padding is-content-justification-center is-layout-constrained wp-container-core-group-is-layout-0638dde4 wp-block-group-is-layout-constrained\" style=\"margin-top:0px\">\n<div class=\"wp-block-buttons is-horizontal is-content-justification-right is-layout-flex wp-container-core-buttons-is-layout-1b0e492f wp-block-buttons-is-layout-flex\" style=\"margin-top:2.21rem\">\n<div class=\"wp-block-button has-custom-width wp-block-button__width-100 is-style-fill\"><a class=\"wp-block-button__link has-text-color has-background has-border-color has-custom-font-size wp-element-button\" href=\"https:\/\/innotiva.es\/?page_id=19\" style=\"border-color:#041d55;border-style:solid;border-width:1px;border-radius:2.5rem;color:#fefefe;background-color:#00004d;padding-top:1.1rem;padding-right:0.81rem;padding-bottom:1.1rem;padding-left:0.81rem;font-size:clamp(0.875rem, 0.875rem + ((1vw - 0.2rem) * 0.609), 1.21rem);font-style:normal;font-weight:400;line-height:1;text-transform:capitalize\">Contacto<\/a><\/div>\n<\/div>\n<\/div>\n<\/div>\n<\/div>\n<\/div>\n<\/div>\n<\/div><\/section>\n","protected":false},"excerpt":{"rendered":"<p>Consultor\u00eda IT y arquitectura de sistemas Dise\u00f1amos soluciones tecnol\u00f3gicas alineadas con los objetivos reales de tu negocio. Analizamos tus necesidades, evaluamos la infraestructura existente y definimos arquitecturas IT robustas, escalables y seguras. Nuestro enfoque combina visi\u00f3n estrat\u00e9gica y profundidad t\u00e9cnica, acompa\u00f1\u00e1ndote desde la fase de an\u00e1lisis hasta la implementaci\u00f3n y optimizaci\u00f3n final. No vendemos productos [&hellip;]<\/p>\n","protected":false},"author":1,"featured_media":0,"parent":0,"menu_order":0,"comment_status":"closed","ping_status":"closed","template":"","meta":{"footnotes":""},"class_list":["post-17","page","type-page","status-publish","hentry"],"_links":{"self":[{"href":"https:\/\/innotiva.es\/index.php?rest_route=\/wp\/v2\/pages\/17","targetHints":{"allow":["GET"]}}],"collection":[{"href":"https:\/\/innotiva.es\/index.php?rest_route=\/wp\/v2\/pages"}],"about":[{"href":"https:\/\/innotiva.es\/index.php?rest_route=\/wp\/v2\/types\/page"}],"author":[{"embeddable":true,"href":"https:\/\/innotiva.es\/index.php?rest_route=\/wp\/v2\/users\/1"}],"replies":[{"embeddable":true,"href":"https:\/\/innotiva.es\/index.php?rest_route=%2Fwp%2Fv2%2Fcomments&post=17"}],"version-history":[{"count":23,"href":"https:\/\/innotiva.es\/index.php?rest_route=\/wp\/v2\/pages\/17\/revisions"}],"predecessor-version":[{"id":242,"href":"https:\/\/innotiva.es\/index.php?rest_route=\/wp\/v2\/pages\/17\/revisions\/242"}],"wp:attachment":[{"href":"https:\/\/innotiva.es\/index.php?rest_route=%2Fwp%2Fv2%2Fmedia&parent=17"}],"curies":[{"name":"wp","href":"https:\/\/api.w.org\/{rel}","templated":true}]}}