{"id":172,"date":"2026-02-07T13:47:01","date_gmt":"2026-02-07T12:47:01","guid":{"rendered":"http:\/\/23.88.123.170:8081\/?page_id=172"},"modified":"2026-02-07T13:59:13","modified_gmt":"2026-02-07T12:59:13","slug":"terminos-y-condiciones","status":"publish","type":"page","link":"https:\/\/innotiva.es\/?page_id=172","title":{"rendered":"T\u00e9rminos y condiciones"},"content":{"rendered":"\n<div>\n\n<h1>T\u00e9rminos y Condiciones de <b>Innotiva<\/b><\/h1>\n  <p>Fecha de \u00faltima actualizaci\u00f3n: <strong>07\/02\/2026<\/strong><\/p>\n<p>Bienvenido a <b>Innotiva<\/b><\/p>\n<p>Estos t\u00e9rminos y condiciones describen las normas y regulaciones para el uso de <b>Innotiva<\/b>, ubicado en <b>https:\/\/innotiva.es<\/b>.<\/p>\n<p>Al acceder a este sitio web asumimos que aceptas estos t\u00e9rminos y condiciones. No contin\u00faes usando <b>Innotiva<\/b> si no est\u00e1s de acuerdo con todos los t\u00e9rminos y condiciones establecidos en esta p\u00e1gina.<\/p>\n\n<p>La siguiente terminolog\u00eda se aplica a estos T\u00e9rminos y Condiciones, a la Pol\u00edtica de Privacidad y al Aviso Legal, as\u00ed como a todos los Acuerdos: \u201cCliente\u201d, \u201cT\u00fa\u201d y \u201cTu\u201d se refieren a ti, la persona que accede a este sitio web y cumple con los t\u00e9rminos y condiciones de la Empresa. \u201cLa Empresa\u201d, \u201cNosotros\u201d, \u201cNuestro\u201d y \u201cNos\u201d se refieren a nuestra Empresa. \u201cParte\u201d, \u201cPartes\u201d o \u201cNosotros\u201d se refieren tanto al Cliente como a nosotros mismos. Todos los t\u00e9rminos se refieren a la oferta, aceptaci\u00f3n y consideraci\u00f3n del pago necesario para llevar a cabo el proceso de nuestra asistencia al Cliente de la manera m\u00e1s adecuada, con el prop\u00f3sito expreso de satisfacer las necesidades del Cliente con respecto a la prestaci\u00f3n de los servicios declarados de la Empresa, de acuerdo con y sujeto a la legislaci\u00f3n vigente de los Pa\u00edses Bajos. Cualquier uso de la terminolog\u00eda anterior u otras palabras en singular, plural, con may\u00fasculas y\/o \u00e9l\/ella o ellos, se considerar\u00e1 intercambiable y, por lo tanto, referido a lo mismo.<\/p>\n\n<h2>Consentimiento<\/h2>\n\n<p>Utilizamos cookies. Al acceder a <b>Innotiva<\/b>, aceptas el uso de cookies de acuerdo con la Pol\u00edtica de Privacidad de <b>Innotiva<\/b>.<\/p>\n<p>La mayor\u00eda de los sitios web interactivos utilizan cookies para permitirnos recuperar los datos del usuario en cada visita. Nuestro sitio web utiliza cookies para habilitar la funcionalidad de ciertas \u00e1reas y facilitar la visita de los usuarios. Algunos de nuestros socios afiliados o publicitarios tambi\u00e9n pueden utilizar cookies.<\/p>\n\n<h2>Licencia<\/h2>\n\n<p>A menos que se indique lo contrario, <b>Innotiva<\/b> y\/o sus licenciantes son propietarios de los derechos de propiedad intelectual de todo el material en <b>Innotiva<\/b>. Todos los derechos de propiedad intelectual est\u00e1n reservados. Puedes acceder a este contenido desde <b>Innotiva<\/b> para tu uso personal, sujeto a las restricciones establecidas en estos t\u00e9rminos y condiciones.<\/p>\n\n<p>No debes:<\/p>\n<ul>\n    <li>Republicar material de <b>Innotiva<\/b><\/li>\n    <li>Vender, alquilar o sublicenciar material de <b>Innotiva<\/b><\/li>\n    <li>Reproducir, duplicar o copiar material de <b>Innotiva<\/b><\/li>\n    <li>Redistribuir contenido de <b>Innotiva<\/b><\/li>\n<\/ul>\n\n<p>Este Acuerdo comenzar\u00e1 en la fecha del presente documento. Nuestros T\u00e9rminos y Condiciones fueron creados con la ayuda del <a href=\"https:\/\/raptorkit.com\/terms-and-conditions-generator\">Generador Gratuito de T\u00e9rminos y Condiciones<\/a>.<\/p>\n\n<p>Partes de este sitio web ofrecen a los usuarios la posibilidad de publicar e intercambiar opiniones e informaci\u00f3n en determinadas \u00e1reas del sitio. <b>Innotiva<\/b> no filtra, edita, publica ni revisa los Comentarios antes de su aparici\u00f3n en el sitio web. Los Comentarios no reflejan los puntos de vista ni las opiniones de <b>Innotiva<\/b>, sus agentes y\/o afiliados. Los Comentarios reflejan las opiniones de la persona que los publica. En la medida permitida por la legislaci\u00f3n aplicable, <b>Innotiva<\/b> no ser\u00e1 responsable de los Comentarios ni de ninguna responsabilidad, da\u00f1o o gasto causado y\/o sufrido como resultado del uso, publicaci\u00f3n o aparici\u00f3n de los Comentarios en este sitio web.<\/p>\n\n<p><b>Innotiva<\/b> se reserva el derecho de supervisar todos los Comentarios y de eliminar aquellos que puedan considerarse inapropiados, ofensivos o que infrinjan estos T\u00e9rminos y Condiciones.<\/p>\n\n<p>Garantizas y declaras que:<\/p>\n<ul>\n    <li>Tienes derecho a publicar los Comentarios en nuestro sitio web y cuentas con todas las licencias y consentimientos necesarios para hacerlo;<\/li>\n    <li>Los Comentarios no infringen ning\u00fan derecho de propiedad intelectual, incluidos, entre otros, derechos de autor, patentes o marcas comerciales de terceros;<\/li>\n    <li>Los Comentarios no contienen material difamatorio, ofensivo, indecente o ilegal, ni constituyen una invasi\u00f3n de la privacidad;<\/li>\n    <li>Los Comentarios no se utilizar\u00e1n para solicitar o promover negocios, actividades comerciales o actividades ilegales.<\/li>\n<\/ul>\n\n<p>Por la presente otorgas a <b>Innotiva<\/b> una licencia no exclusiva para usar, reproducir, editar y autorizar a otros a usar, reproducir y editar cualquiera de tus Comentarios en cualquier forma, formato o medio.<\/p>\n\n<h2>Enlaces a nuestro contenido<\/h2>\n\n<p>Las siguientes organizaciones pueden enlazar a nuestro sitio web sin aprobaci\u00f3n previa por escrito:<\/p>\n<ul>\n    <li>Agencias gubernamentales;<\/li>\n    <li>Motores de b\u00fasqueda;<\/li>\n    <li>Organizaciones de noticias;<\/li>\n    <li>Distribuidores de directorios en l\u00ednea que puedan enlazar a nuestro sitio web de la misma manera que enlazan a los sitios web de otras empresas listadas; y<\/li>\n    <li>Empresas acreditadas a nivel del sistema, excepto organizaciones sin fines de lucro solicitantes, centros comerciales ben\u00e9ficos y grupos de recaudaci\u00f3n de fondos ben\u00e9ficos, que no pueden enlazar a nuestro sitio web.<\/li>\n<\/ul>\n\n<p>Estas organizaciones pueden enlazar a nuestra p\u00e1gina de inicio, a publicaciones u otra informaci\u00f3n del sitio web siempre que el enlace: (a) no sea enga\u00f1oso de ninguna manera; (b) no implique falsamente patrocinio, respaldo o aprobaci\u00f3n por parte de la parte enlazante y sus productos o servicios; y (c) encaje dentro del contexto del sitio web de la parte enlazante.<\/p>\n\n<p>Podemos considerar y aprobar otras solicitudes de enlace de los siguientes tipos de organizaciones:<\/p>\n<ul>\n    <li>fuentes de informaci\u00f3n de consumidores y\/o empresas com\u00fanmente conocidas;<\/li>\n    <li>sitios comunitarios .com;<\/li>\n    <li>asociaciones u otros grupos que representen organizaciones ben\u00e9ficas;<\/li>\n    <li>distribuidores de directorios en l\u00ednea;<\/li>\n    <li>portales de internet;<\/li>\n    <li>firmas de contabilidad, legales y de consultor\u00eda; y<\/li>\n    <li>instituciones educativas y asociaciones comerciales.<\/li>\n<\/ul>\n\n<p>Aprobaremos solicitudes de enlace de estas organizaciones si determinamos que: (a) el enlace no nos haga ver desfavorablemente a nosotros ni a nuestras empresas acreditadas; (b) la organizaci\u00f3n no tenga antecedentes negativos con nosotros; (c) el beneficio para nosotros derivado de la visibilidad del hiperv\u00ednculo compense la ausencia de <b>Innotiva<\/b>; y (d) el enlace est\u00e9 dentro del contexto de informaci\u00f3n general de recursos.<\/p>\n\n<p>Las organizaciones aprobadas pueden enlazar a nuestra p\u00e1gina de inicio siempre que el enlace: (a) no sea enga\u00f1oso; (b) no implique falsamente patrocinio, respaldo o aprobaci\u00f3n; y (c) encaje dentro del contexto del sitio web de la parte enlazante.<\/p>\n\n<p>Si eres una de las organizaciones enumeradas anteriormente y est\u00e1s interesado en enlazar a nuestro sitio web, debes informarnos enviando un correo electr\u00f3nico a <b>Innotiva<\/b>. Incluye tu nombre, el nombre de tu organizaci\u00f3n, informaci\u00f3n de contacto, la URL de tu sitio, una lista de las URL desde las que pretendes enlazar a nuestro sitio web y una lista de las URL de nuestro sitio a las que te gustar\u00eda enlazar. Espera de 2 a 3 semanas para una respuesta.<\/p>\n\n<p>Las organizaciones aprobadas pueden enlazar a nuestro sitio web de las siguientes maneras:<\/p>\n<ul>\n    <li>Usando nuestro nombre corporativo; o<\/li>\n    <li>Usando el localizador uniforme de recursos (URL) al que se enlaza; o<\/li>\n    <li>Usando cualquier otra descripci\u00f3n de nuestro sitio web que tenga sentido dentro del contexto y formato del contenido del sitio de la parte enlazante.<\/li>\n<\/ul>\n\n<p>No se permitir\u00e1 el uso del logotipo de <b>Innotiva<\/b> u otros elementos gr\u00e1ficos para enlazar sin un acuerdo de licencia de marca registrada.<\/p>\n\n<h2>iFrames<\/h2>\n\n<p>Sin aprobaci\u00f3n previa y permiso por escrito, no puedes crear marcos alrededor de nuestras p\u00e1ginas web que alteren de alguna manera la presentaci\u00f3n visual o la apariencia de nuestro sitio web.<\/p>\n\n<h2>Formulario de contacto y datos personales<\/h2>\n\n<p>Cuando los usuarios utilizan el formulario de contacto disponible en este sitio web, recopilamos los siguientes datos personales: nombre, direcci\u00f3n de correo electr\u00f3nico y el contenido del mensaje.<\/p>\n\n<p>Estos datos se utilizan \u00fanicamente con la finalidad de gestionar y responder a las consultas, solicitudes de informaci\u00f3n o comunicaciones enviadas por el usuario, y no se utilizar\u00e1n para fines comerciales no solicitados ni se ceder\u00e1n a terceros, salvo obligaci\u00f3n legal.<\/p>\n\n<p>Al enviar el formulario de contacto, el usuario garantiza que los datos proporcionados son veraces, exactos y actualizados, y acepta el tratamiento de sus datos conforme a lo dispuesto en nuestra Pol\u00edtica de Privacidad y a la normativa de protecci\u00f3n de datos aplicable.<\/p>\n\n<p><b>Innotiva<\/b> se compromete a tratar los datos personales de forma confidencial y a aplicar las medidas t\u00e9cnicas y organizativas necesarias para garantizar su seguridad.<\/p>\n\n\n<h2>Responsabilidad del contenido<\/h2>\n\n<p>No seremos responsables de ning\u00fan contenido que aparezca en tu sitio web. Aceptas protegernos y defendernos frente a todas las reclamaciones que surjan en tu sitio web. No deben aparecer enlaces en ning\u00fan sitio web que puedan interpretarse como difamatorios, obscenos o criminales, o que infrinjan, violen o promuevan la infracci\u00f3n u otra violaci\u00f3n de derechos de terceros.<\/p>\n\n<h2>Reserva de derechos<\/h2>\n\n<p>Nos reservamos el derecho de solicitar que elimines todos los enlaces o cualquier enlace en particular a nuestro sitio web. Aceptas eliminar inmediatamente todos los enlaces a nuestro sitio web previa solicitud. Tambi\u00e9n nos reservamos el derecho de modificar estos t\u00e9rminos y condiciones y su pol\u00edtica de enlaces en cualquier momento. Al continuar enlazando a nuestro sitio web, aceptas cumplir y seguir estos t\u00e9rminos y condiciones de enlace.<\/p>\n\n<h2>Eliminaci\u00f3n de enlaces de nuestro sitio web<\/h2>\n\n<p>Si encuentras alg\u00fan enlace en nuestro sitio web que sea ofensivo por cualquier motivo, puedes contactarnos e informarnos en cualquier momento. Consideraremos las solicitudes para eliminar enlaces, pero no estamos obligados a hacerlo ni a responderte directamente.<\/p>\n\n<p>No garantizamos que la informaci\u00f3n de este sitio web sea correcta, completa o precisa; tampoco prometemos que el sitio web permanezca disponible o que el material del sitio web se mantenga actualizado.<\/p>\n\n<h2>Exenci\u00f3n de responsabilidad<\/h2>\n\n<p>En la m\u00e1xima medida permitida por la ley aplicable, excluimos todas las representaciones, garant\u00edas y condiciones relacionadas con nuestro sitio web y el uso de este sitio web. Nada en esta exenci\u00f3n de responsabilidad:<\/p>\n\n<ul>\n    <li>limitar\u00e1 o excluir\u00e1 nuestra responsabilidad o la tuya por muerte o lesiones personales;<\/li>\n    <li>limitar\u00e1 o excluir\u00e1 nuestra responsabilidad o la tuya por fraude o tergiversaci\u00f3n fraudulenta;<\/li>\n    <li>limitar\u00e1 cualquiera de nuestras responsabilidades o las tuyas de cualquier manera que no est\u00e9 permitida por la ley aplicable; o<\/li>\n    <li>excluir\u00e1 cualquiera de nuestras responsabilidades o las tuyas que no puedan excluirse seg\u00fan la ley aplicable.<\/li>\n<\/ul>\n\n<p>Las limitaciones y prohibiciones de responsabilidad establecidas en esta Secci\u00f3n y en otras partes de esta exenci\u00f3n de responsabilidad: (a) est\u00e1n sujetas al p\u00e1rrafo anterior; y (b) rigen todas las responsabilidades derivadas de la exenci\u00f3n de responsabilidad, incluidas las responsabilidades derivadas de contrato, agravio y por incumplimiento de deber legal.<\/p>\n\n<p>Mientras el sitio web y la informaci\u00f3n y los servicios del sitio web se proporcionen de forma gratuita, no seremos responsables de ninguna p\u00e9rdida o da\u00f1o de cualquier naturaleza.<\/p>\n\n<\/div>\n","protected":false},"excerpt":{"rendered":"<p>T\u00e9rminos y Condiciones de Innotiva Fecha de \u00faltima actualizaci\u00f3n: 07\/02\/2026 Bienvenido a Innotiva Estos t\u00e9rminos y condiciones describen las normas y regulaciones para el uso de Innotiva, ubicado en https:\/\/innotiva.es. Al acceder a este sitio web asumimos que aceptas estos t\u00e9rminos y condiciones. No contin\u00faes usando Innotiva si no est\u00e1s de acuerdo con todos los [&hellip;]<\/p>\n","protected":false},"author":1,"featured_media":0,"parent":0,"menu_order":0,"comment_status":"closed","ping_status":"closed","template":"","meta":{"footnotes":""},"class_list":["post-172","page","type-page","status-publish","hentry"],"_links":{"self":[{"href":"https:\/\/innotiva.es\/index.php?rest_route=\/wp\/v2\/pages\/172","targetHints":{"allow":["GET"]}}],"collection":[{"href":"https:\/\/innotiva.es\/index.php?rest_route=\/wp\/v2\/pages"}],"about":[{"href":"https:\/\/innotiva.es\/index.php?rest_route=\/wp\/v2\/types\/page"}],"author":[{"embeddable":true,"href":"https:\/\/innotiva.es\/index.php?rest_route=\/wp\/v2\/users\/1"}],"replies":[{"embeddable":true,"href":"https:\/\/innotiva.es\/index.php?rest_route=%2Fwp%2Fv2%2Fcomments&post=172"}],"version-history":[{"count":3,"href":"https:\/\/innotiva.es\/index.php?rest_route=\/wp\/v2\/pages\/172\/revisions"}],"predecessor-version":[{"id":187,"href":"https:\/\/innotiva.es\/index.php?rest_route=\/wp\/v2\/pages\/172\/revisions\/187"}],"wp:attachment":[{"href":"https:\/\/innotiva.es\/index.php?rest_route=%2Fwp%2Fv2%2Fmedia&parent=172"}],"curies":[{"name":"wp","href":"https:\/\/api.w.org\/{rel}","templated":true}]}}